{"id":27,"date":"2026-02-27T09:47:56","date_gmt":"2026-02-27T09:47:56","guid":{"rendered":"https:\/\/www.psychose-lh.de\/?page_id=27"},"modified":"2026-02-27T09:50:06","modified_gmt":"2026-02-27T09:50:06","slug":"startseite","status":"publish","type":"page","link":"https:\/\/psychose-lh.de\/","title":{"rendered":"Startseite"},"content":{"rendered":"\n<h2 class=\"wp-block-heading\" id=\"block-8bbb160f-762b-4cdf-90f1-45cf0fbc179f\">Unterst\u00fctzung suchen und finden<\/h2>\n\n\n\n<h3 class=\"wp-block-heading\" id=\"block-33e460d9-6c0f-4806-a503-a21a71107562\">Psychose<\/h3>\n\n\n\n<p id=\"block-1863ea0c-819f-42d2-a47d-6375c87bd0e0\">Auf den folgenden Seiten findet man ausf\u00fchrliche Informationen zu dem Krankheitsbild und den Unterst\u00fctzungsangeboten, die es im Kreis Coesfeld und zum Teil in M\u00fcnster gibt.<\/p>\n\n\n\n<p id=\"block-c3a5fc34-f5af-4da2-88f9-aac6ecefbbdf\">Es wird kein Anspruch auf Vollst\u00e4ndigkeit erhoben.<\/p>\n\n\n\n<h3 class=\"wp-block-heading\" id=\"block-2044382d-e907-4ebe-a624-2cc9a03c6513\">Schizophrenie<\/h3>\n\n\n\n<p id=\"block-0976cc20-1962-462e-afd7-c3fd17999623\">Auf den folgenden Seiten werden die beiden Krankheitsbilder Psychose und Schizophrenie synonym benutzt.<\/p>\n\n\n\n<h3 class=\"wp-block-heading\" id=\"block-181ef332-7d8f-4b0d-af04-aec07901e09d\">Patienten, Angeh\u00f6rige, Profis<\/h3>\n\n\n\n<p id=\"block-1556e554-b0ae-4b19-aa9b-240c046bd913\">Hinter jedem erfolgreichen Patienten stehen starke Angeh\u00f6rige. Nat\u00fcrlich ist das Team aus \u00c4rzten und Therapeuten nicht zu vernachl\u00e4ssigen.<\/p>\n\n\n\n<p id=\"block-95dcb0fb-16a2-473c-a4fe-bf0b51b301d6\">Viele Unterst\u00fctzungsangebote, die hier aufgez\u00e4hlt werden bzw. \u00c4rzte und Therapeuten, sind f\u00fcr viele seelische Erkrankungen hilfreich und gelten dort auch.<\/p>\n","protected":false},"excerpt":{"rendered":"<p>Unterst\u00fctzung suchen und finden Psychose Auf den folgenden Seiten findet man ausf\u00fchrliche Informationen zu dem Krankheitsbild und den Unterst\u00fctzungsangeboten, die es im Kreis Coesfeld und zum Teil in M\u00fcnster gibt. Es wird kein Anspruch auf Vollst\u00e4ndigkeit erhoben. Schizophrenie Auf den folgenden Seiten werden die beiden Krankheitsbilder Psychose und Schizophrenie synonym benutzt. Patienten, Angeh\u00f6rige, Profis Hinter&hellip; <a class=\"more-link\" href=\"https:\/\/psychose-lh.de\/\"><span class=\"screen-reader-text\">Startseite<\/span> weiterlesen<\/a><\/p>\n","protected":false},"author":1,"featured_media":0,"parent":0,"menu_order":0,"comment_status":"closed","ping_status":"closed","template":"","meta":{"footnotes":""},"class_list":["post-27","page","type-page","status-publish","hentry","entry"],"yoast_head":"<!-- This site is optimized with the Yoast SEO plugin v27.5 - https:\/\/yoast.com\/product\/yoast-seo-wordpress\/ -->\r\n<title>Startseite - Psychose L\u00fcdinghausen<\/title>\r\n<meta name=\"robots\" content=\"index, follow, max-snippet:-1, max-image-preview:large, max-video-preview:-1\" \/>\r\n<link rel=\"canonical\" href=\"https:\/\/psychose-lh.de\/\" \/>\r\n<meta property=\"og:locale\" content=\"de_DE\" \/>\r\n<meta property=\"og:type\" content=\"article\" \/>\r\n<meta property=\"og:title\" content=\"Startseite - Psychose L\u00fcdinghausen\" \/>\r\n<meta property=\"og:description\" content=\"Unterst\u00fctzung suchen und finden Psychose Auf den folgenden Seiten findet man ausf\u00fchrliche Informationen zu dem Krankheitsbild und den Unterst\u00fctzungsangeboten, die es im Kreis Coesfeld und zum Teil in M\u00fcnster gibt. Es wird kein Anspruch auf Vollst\u00e4ndigkeit erhoben. Schizophrenie Auf den folgenden Seiten werden die beiden Krankheitsbilder Psychose und Schizophrenie synonym benutzt. Patienten, Angeh\u00f6rige, Profis Hinter&hellip; Startseite weiterlesen\" \/>\r\n<meta property=\"og:url\" content=\"https:\/\/psychose-lh.de\/\" \/>\r\n<meta property=\"og:site_name\" content=\"Psychose L\u00fcdinghausen\" \/>\r\n<meta property=\"article:modified_time\" content=\"2026-02-27T09:50:06+00:00\" \/>\r\n<meta name=\"twitter:card\" content=\"summary_large_image\" \/>\r\n<meta name=\"twitter:label1\" content=\"Gesch\u00e4tzte Lesezeit\" \/>\n\t<meta name=\"twitter:data1\" content=\"1\u00a0Minute\" \/>\r\n<script type=\"application\/ld+json\" class=\"yoast-schema-graph\">{\"@context\":\"https:\\\/\\\/schema.org\",\"@graph\":[{\"@type\":\"WebPage\",\"@id\":\"https:\\\/\\\/psychose-lh.de\\\/\",\"url\":\"https:\\\/\\\/psychose-lh.de\\\/\",\"name\":\"Startseite - Psychose L\u00fcdinghausen\",\"isPartOf\":{\"@id\":\"https:\\\/\\\/psychose-lh.de\\\/#website\"},\"datePublished\":\"2026-02-27T09:47:56+00:00\",\"dateModified\":\"2026-02-27T09:50:06+00:00\",\"breadcrumb\":{\"@id\":\"https:\\\/\\\/psychose-lh.de\\\/#breadcrumb\"},\"inLanguage\":\"de\",\"potentialAction\":[{\"@type\":\"ReadAction\",\"target\":[\"https:\\\/\\\/psychose-lh.de\\\/\"]}]},{\"@type\":\"BreadcrumbList\",\"@id\":\"https:\\\/\\\/psychose-lh.de\\\/#breadcrumb\",\"itemListElement\":[{\"@type\":\"ListItem\",\"position\":1,\"name\":\"Start\",\"item\":\"https:\\\/\\\/psychose-lh.de\\\/\"},{\"@type\":\"ListItem\",\"position\":2,\"name\":\"Startseite\"}]},{\"@type\":\"WebSite\",\"@id\":\"https:\\\/\\\/psychose-lh.de\\\/#website\",\"url\":\"https:\\\/\\\/psychose-lh.de\\\/\",\"name\":\"Psychose L\u00fcdinghausen\",\"description\":\"\",\"potentialAction\":[{\"@type\":\"SearchAction\",\"target\":{\"@type\":\"EntryPoint\",\"urlTemplate\":\"https:\\\/\\\/psychose-lh.de\\\/?s={search_term_string}\"},\"query-input\":{\"@type\":\"PropertyValueSpecification\",\"valueRequired\":true,\"valueName\":\"search_term_string\"}}],\"inLanguage\":\"de\"}]}<\/script>\r\n<!-- \/ Yoast SEO plugin. -->","yoast_head_json":{"title":"Startseite - Psychose L\u00fcdinghausen","robots":{"index":"index","follow":"follow","max-snippet":"max-snippet:-1","max-image-preview":"max-image-preview:large","max-video-preview":"max-video-preview:-1"},"canonical":"https:\/\/psychose-lh.de\/","og_locale":"de_DE","og_type":"article","og_title":"Startseite - Psychose L\u00fcdinghausen","og_description":"Unterst\u00fctzung suchen und finden Psychose Auf den folgenden Seiten findet man ausf\u00fchrliche Informationen zu dem Krankheitsbild und den Unterst\u00fctzungsangeboten, die es im Kreis Coesfeld und zum Teil in M\u00fcnster gibt. Es wird kein Anspruch auf Vollst\u00e4ndigkeit erhoben. Schizophrenie Auf den folgenden Seiten werden die beiden Krankheitsbilder Psychose und Schizophrenie synonym benutzt. Patienten, Angeh\u00f6rige, Profis Hinter&hellip; Startseite weiterlesen","og_url":"https:\/\/psychose-lh.de\/","og_site_name":"Psychose L\u00fcdinghausen","article_modified_time":"2026-02-27T09:50:06+00:00","twitter_card":"summary_large_image","twitter_misc":{"Gesch\u00e4tzte Lesezeit":"1\u00a0Minute"},"schema":{"@context":"https:\/\/schema.org","@graph":[{"@type":"WebPage","@id":"https:\/\/psychose-lh.de\/","url":"https:\/\/psychose-lh.de\/","name":"Startseite - Psychose L\u00fcdinghausen","isPartOf":{"@id":"https:\/\/psychose-lh.de\/#website"},"datePublished":"2026-02-27T09:47:56+00:00","dateModified":"2026-02-27T09:50:06+00:00","breadcrumb":{"@id":"https:\/\/psychose-lh.de\/#breadcrumb"},"inLanguage":"de","potentialAction":[{"@type":"ReadAction","target":["https:\/\/psychose-lh.de\/"]}]},{"@type":"BreadcrumbList","@id":"https:\/\/psychose-lh.de\/#breadcrumb","itemListElement":[{"@type":"ListItem","position":1,"name":"Start","item":"https:\/\/psychose-lh.de\/"},{"@type":"ListItem","position":2,"name":"Startseite"}]},{"@type":"WebSite","@id":"https:\/\/psychose-lh.de\/#website","url":"https:\/\/psychose-lh.de\/","name":"Psychose L\u00fcdinghausen","description":"","potentialAction":[{"@type":"SearchAction","target":{"@type":"EntryPoint","urlTemplate":"https:\/\/psychose-lh.de\/?s={search_term_string}"},"query-input":{"@type":"PropertyValueSpecification","valueRequired":true,"valueName":"search_term_string"}}],"inLanguage":"de"}]}},"_links":{"self":[{"href":"https:\/\/psychose-lh.de\/index.php?rest_route=\/wp\/v2\/pages\/27","targetHints":{"allow":["GET"]}}],"collection":[{"href":"https:\/\/psychose-lh.de\/index.php?rest_route=\/wp\/v2\/pages"}],"about":[{"href":"https:\/\/psychose-lh.de\/index.php?rest_route=\/wp\/v2\/types\/page"}],"author":[{"embeddable":true,"href":"https:\/\/psychose-lh.de\/index.php?rest_route=\/wp\/v2\/users\/1"}],"replies":[{"embeddable":true,"href":"https:\/\/psychose-lh.de\/index.php?rest_route=%2Fwp%2Fv2%2Fcomments&post=27"}],"version-history":[{"count":1,"href":"https:\/\/psychose-lh.de\/index.php?rest_route=\/wp\/v2\/pages\/27\/revisions"}],"predecessor-version":[{"id":28,"href":"https:\/\/psychose-lh.de\/index.php?rest_route=\/wp\/v2\/pages\/27\/revisions\/28"}],"wp:attachment":[{"href":"https:\/\/psychose-lh.de\/index.php?rest_route=%2Fwp%2Fv2%2Fmedia&parent=27"}],"curies":[{"name":"wp","href":"https:\/\/api.w.org\/{rel}","templated":true}]}}