{"id":31,"date":"2026-02-27T09:51:20","date_gmt":"2026-02-27T09:51:20","guid":{"rendered":"https:\/\/www.psychose-lh.de\/?page_id=31"},"modified":"2026-02-27T09:51:21","modified_gmt":"2026-02-27T09:51:21","slug":"begriffe","status":"publish","type":"page","link":"https:\/\/psychose-lh.de\/?page_id=31","title":{"rendered":"Begriffe"},"content":{"rendered":"\n<p>Es gibt viele Begriffe, die im Rahmen der Erkrankung auftauchen, hier eine kleine Zusammenstellung<\/p>\n\n\n\n<p>Psychose<br>Eine psychische Erkrankung, die meist in Sch\u00fcben verl\u00e4uft. Sie wird gekennzeichnet durch +Symptome und -Symptome. +Symptome bedeutet, es kommt etwas dazu, n\u00e4mlich Wahnvorstellungen oder Halluzinationen (Geruchs-, Geschmacks- oder optische Halluzinationen, oder Stimmen h\u00f6ren). Dies ist f\u00fcr den Erkrankten nicht wahrnehmbar, weshalb man auch von einer &#8222;pers\u00f6nlichen&#8220; und einer &#8222;allgemeinen&#8220; Welt spricht. -Symptome sind emotionale Verflachung, sozialer R\u00fcckzug oder Antriebslosigkeit. Diese treten meist nach dem Schub auf und machen es f\u00fcr den Erkrankten besonders schwer, am normalen beruflichen und sozialen Leben teil zu nehmen.<br>Weitere Informationen <a href=\"https:\/\/de.wikipedia.org\/wiki\/Psychose\" target=\"_blank\" rel=\"noreferrer noopener\">Wikipedia Psychose<\/a><\/p>\n\n\n\n<p>Schizophrenie<br>Ist im Prinzip die gleiche bzw. genauere Bezeichnung der Krankheit, wie Psychose. Man spricht auch von Psychosen aus dem schizophrenen Formenkreis. Man bekommt die Krankheit durch Psychopharmaka gut in den Griff. Man spricht davon, das rund 10% der Bev\u00f6lkerung einmal in ihrem Leben an einer Psychose erkrankt.<br>Weitere Informationen <a href=\"https:\/\/de.wikipedia.org\/wiki\/Schizophrenie\" target=\"_blank\" rel=\"noreferrer noopener\">Wikipedia Schizophrenie<\/a><\/p>\n\n\n\n<p>Psychiater<br>Das ist ein Facharzt, der bei Erkrankungen der Seele bzw. der Psyche der richtige Ansprechpartner ist. Im Zweifel kennt der Hausarzt einen guten Psychiater in der N\u00e4he.<br>Weitere Informationen <a href=\"https:\/\/de.wikipedia.org\/wiki\/Psychiater\" target=\"_blank\" rel=\"noreferrer noopener\">Wikipedia Psychiater<\/a><\/p>\n\n\n\n<p>Neurologe<br>Das ist auch ein Facharzt, der sich allerdings haupts\u00e4chlich mit den Nerven besch\u00e4ftigt. Da es in der Vergangenheit zu \u00c4nderungen in den Berufsbezeichnungen gekommen ist, ist es ratsam, immer zu fragen, ob man bei dem richtigen Mann f\u00fcr die eigene Diagnose ist.<br>Weitere Informationen <a href=\"https:\/\/de.wikipedia.org\/wiki\/Neurologie\" target=\"_blank\" rel=\"noreferrer noopener\">Wikipedia Neurologie<\/a><\/p>\n\n\n\n<p>Psychotherapeut<br>Dies ist wohl der wichtigste Therapeut w\u00e4hrend der Krankheit. Er vermittelt auf der einen Seite Wissen \u00fcber die Krankheit (Psychoedukation), so dass man zu Experten f\u00fcr die eigene Erkrankung wird. Zum anderen unterst\u00fctzt er einen bei der Bew\u00e4ltigung von Alltagsfragen und bei Angeh\u00f6rigengespr\u00e4chen. <br>Weitere Informationen <a href=\"https:\/\/de.wikipedia.org\/wiki\/Psychotherapeut\" target=\"_blank\" rel=\"noreferrer noopener\">Wikipedia Psychotherapeut<\/a><\/p>\n\n\n\n<p>Soziotherapie<br>Ein Soziotherapeut unterst\u00fctzt einen in Alltagsaufgaben und das Ziel der Soziotherapie ist es, wieder mit den Aufgaben zurecht zu kommen und einen Krankenhausaufenthalt zu vermeiden oder hinauszuz\u00f6gern. Sie kann von einem Arzt verordnet werden und wird in der Regel von der Krankenkasse \u00fcbernommen. Allerdings muss man mit erheblichen Wartezeiten rechnen.<br>Weitere Informationen <a href=\"https:\/\/de.wikipedia.org\/wiki\/Soziotherapie\" target=\"_blank\" rel=\"noreferrer noopener\">Wikipedia Soziotherapie<\/a><\/p>\n\n\n\n<p>Psychopharmaka<br>Sind Medikamente, die bei einer akuten und auch chronischen Psychose helfen. Man unterscheidet zwischen Antipsychotischen Mitteln oder anderen Psychopharmaka, wie z.B. Antidepressiva&#8230;<br>Bei den Antipsychotischen Mitteln unterscheidet man in den drei Kategorien: 1. Hochpotente Neuroleptika, 2. Mittel- und Niederpotente Neuroleptika und 3. Atypische Neuroleptika. Der Facharzt wird hier f\u00fcr Klarheit sorgen und nicht jedes Mittel vertr\u00e4gt jeder gleich gut, oder \u00fcberwiegen die Vorteile. Man muss ein wenig Geduld mitbringen.<br>Weitere Informationen <a href=\"https:\/\/de.wikipedia.org\/wiki\/Psychopharmakon\" target=\"_blank\" rel=\"noreferrer noopener\">Wikipedia Psychopharmakon<\/a><\/p>\n\n\n\n<p>Liste von Antipsychotika<br>Dann gibt es noch eine lange Liste von Antipsychotika bei Wikipedia. Sie umfasst sowohl Hochpotente als auch Niederpotenten typischer Neuroleptika und atypische Neuroleptika. Hier die \u00dcbersicht <a href=\"https:\/\/de.wikipedia.org\/wiki\/Liste_von_Antipsychotika\" target=\"_blank\" rel=\"noreferrer noopener\">Liste von Antipsychotika<\/a><\/p>\n","protected":false},"excerpt":{"rendered":"<p>Es gibt viele Begriffe, die im Rahmen der Erkrankung auftauchen, hier eine kleine Zusammenstellung PsychoseEine psychische Erkrankung, die meist in Sch\u00fcben verl\u00e4uft. Sie wird gekennzeichnet durch +Symptome und -Symptome. +Symptome bedeutet, es kommt etwas dazu, n\u00e4mlich Wahnvorstellungen oder Halluzinationen (Geruchs-, Geschmacks- oder optische Halluzinationen, oder Stimmen h\u00f6ren). Dies ist f\u00fcr den Erkrankten nicht wahrnehmbar, weshalb&hellip; <a class=\"more-link\" href=\"https:\/\/psychose-lh.de\/?page_id=31\"><span class=\"screen-reader-text\">Begriffe<\/span> weiterlesen<\/a><\/p>\n","protected":false},"author":1,"featured_media":0,"parent":0,"menu_order":0,"comment_status":"closed","ping_status":"closed","template":"","meta":{"footnotes":""},"class_list":["post-31","page","type-page","status-publish","hentry","entry"],"yoast_head":"<!-- This site is optimized with the Yoast SEO plugin v27.5 - https:\/\/yoast.com\/product\/yoast-seo-wordpress\/ -->\r\n<title>Begriffe - Psychose L\u00fcdinghausen<\/title>\r\n<meta name=\"robots\" content=\"index, follow, max-snippet:-1, max-image-preview:large, max-video-preview:-1\" \/>\r\n<link rel=\"canonical\" href=\"https:\/\/psychose-lh.de\/?page_id=31\" \/>\r\n<meta property=\"og:locale\" content=\"de_DE\" \/>\r\n<meta property=\"og:type\" content=\"article\" \/>\r\n<meta property=\"og:title\" content=\"Begriffe - Psychose L\u00fcdinghausen\" \/>\r\n<meta property=\"og:description\" content=\"Es gibt viele Begriffe, die im Rahmen der Erkrankung auftauchen, hier eine kleine Zusammenstellung PsychoseEine psychische Erkrankung, die meist in Sch\u00fcben verl\u00e4uft. Sie wird gekennzeichnet durch +Symptome und -Symptome. +Symptome bedeutet, es kommt etwas dazu, n\u00e4mlich Wahnvorstellungen oder Halluzinationen (Geruchs-, Geschmacks- oder optische Halluzinationen, oder Stimmen h\u00f6ren). Dies ist f\u00fcr den Erkrankten nicht wahrnehmbar, weshalb&hellip; Begriffe weiterlesen\" \/>\r\n<meta property=\"og:url\" content=\"https:\/\/psychose-lh.de\/?page_id=31\" \/>\r\n<meta property=\"og:site_name\" content=\"Psychose L\u00fcdinghausen\" \/>\r\n<meta property=\"article:modified_time\" content=\"2026-02-27T09:51:21+00:00\" \/>\r\n<meta name=\"twitter:card\" content=\"summary_large_image\" \/>\r\n<meta name=\"twitter:label1\" content=\"Gesch\u00e4tzte Lesezeit\" \/>\n\t<meta name=\"twitter:data1\" content=\"3\u00a0Minuten\" \/>\r\n<script type=\"application\/ld+json\" class=\"yoast-schema-graph\">{\"@context\":\"https:\\\/\\\/schema.org\",\"@graph\":[{\"@type\":\"WebPage\",\"@id\":\"https:\\\/\\\/psychose-lh.de\\\/?page_id=31\",\"url\":\"https:\\\/\\\/psychose-lh.de\\\/?page_id=31\",\"name\":\"Begriffe - Psychose L\u00fcdinghausen\",\"isPartOf\":{\"@id\":\"https:\\\/\\\/psychose-lh.de\\\/#website\"},\"datePublished\":\"2026-02-27T09:51:20+00:00\",\"dateModified\":\"2026-02-27T09:51:21+00:00\",\"breadcrumb\":{\"@id\":\"https:\\\/\\\/psychose-lh.de\\\/?page_id=31#breadcrumb\"},\"inLanguage\":\"de\",\"potentialAction\":[{\"@type\":\"ReadAction\",\"target\":[\"https:\\\/\\\/psychose-lh.de\\\/?page_id=31\"]}]},{\"@type\":\"BreadcrumbList\",\"@id\":\"https:\\\/\\\/psychose-lh.de\\\/?page_id=31#breadcrumb\",\"itemListElement\":[{\"@type\":\"ListItem\",\"position\":1,\"name\":\"Start\",\"item\":\"https:\\\/\\\/psychose-lh.de\\\/\"},{\"@type\":\"ListItem\",\"position\":2,\"name\":\"Begriffe\"}]},{\"@type\":\"WebSite\",\"@id\":\"https:\\\/\\\/psychose-lh.de\\\/#website\",\"url\":\"https:\\\/\\\/psychose-lh.de\\\/\",\"name\":\"Psychose L\u00fcdinghausen\",\"description\":\"\",\"potentialAction\":[{\"@type\":\"SearchAction\",\"target\":{\"@type\":\"EntryPoint\",\"urlTemplate\":\"https:\\\/\\\/psychose-lh.de\\\/?s={search_term_string}\"},\"query-input\":{\"@type\":\"PropertyValueSpecification\",\"valueRequired\":true,\"valueName\":\"search_term_string\"}}],\"inLanguage\":\"de\"}]}<\/script>\r\n<!-- \/ Yoast SEO plugin. -->","yoast_head_json":{"title":"Begriffe - Psychose L\u00fcdinghausen","robots":{"index":"index","follow":"follow","max-snippet":"max-snippet:-1","max-image-preview":"max-image-preview:large","max-video-preview":"max-video-preview:-1"},"canonical":"https:\/\/psychose-lh.de\/?page_id=31","og_locale":"de_DE","og_type":"article","og_title":"Begriffe - Psychose L\u00fcdinghausen","og_description":"Es gibt viele Begriffe, die im Rahmen der Erkrankung auftauchen, hier eine kleine Zusammenstellung PsychoseEine psychische Erkrankung, die meist in Sch\u00fcben verl\u00e4uft. Sie wird gekennzeichnet durch +Symptome und -Symptome. +Symptome bedeutet, es kommt etwas dazu, n\u00e4mlich Wahnvorstellungen oder Halluzinationen (Geruchs-, Geschmacks- oder optische Halluzinationen, oder Stimmen h\u00f6ren). Dies ist f\u00fcr den Erkrankten nicht wahrnehmbar, weshalb&hellip; Begriffe weiterlesen","og_url":"https:\/\/psychose-lh.de\/?page_id=31","og_site_name":"Psychose L\u00fcdinghausen","article_modified_time":"2026-02-27T09:51:21+00:00","twitter_card":"summary_large_image","twitter_misc":{"Gesch\u00e4tzte Lesezeit":"3\u00a0Minuten"},"schema":{"@context":"https:\/\/schema.org","@graph":[{"@type":"WebPage","@id":"https:\/\/psychose-lh.de\/?page_id=31","url":"https:\/\/psychose-lh.de\/?page_id=31","name":"Begriffe - Psychose L\u00fcdinghausen","isPartOf":{"@id":"https:\/\/psychose-lh.de\/#website"},"datePublished":"2026-02-27T09:51:20+00:00","dateModified":"2026-02-27T09:51:21+00:00","breadcrumb":{"@id":"https:\/\/psychose-lh.de\/?page_id=31#breadcrumb"},"inLanguage":"de","potentialAction":[{"@type":"ReadAction","target":["https:\/\/psychose-lh.de\/?page_id=31"]}]},{"@type":"BreadcrumbList","@id":"https:\/\/psychose-lh.de\/?page_id=31#breadcrumb","itemListElement":[{"@type":"ListItem","position":1,"name":"Start","item":"https:\/\/psychose-lh.de\/"},{"@type":"ListItem","position":2,"name":"Begriffe"}]},{"@type":"WebSite","@id":"https:\/\/psychose-lh.de\/#website","url":"https:\/\/psychose-lh.de\/","name":"Psychose L\u00fcdinghausen","description":"","potentialAction":[{"@type":"SearchAction","target":{"@type":"EntryPoint","urlTemplate":"https:\/\/psychose-lh.de\/?s={search_term_string}"},"query-input":{"@type":"PropertyValueSpecification","valueRequired":true,"valueName":"search_term_string"}}],"inLanguage":"de"}]}},"_links":{"self":[{"href":"https:\/\/psychose-lh.de\/index.php?rest_route=\/wp\/v2\/pages\/31","targetHints":{"allow":["GET"]}}],"collection":[{"href":"https:\/\/psychose-lh.de\/index.php?rest_route=\/wp\/v2\/pages"}],"about":[{"href":"https:\/\/psychose-lh.de\/index.php?rest_route=\/wp\/v2\/types\/page"}],"author":[{"embeddable":true,"href":"https:\/\/psychose-lh.de\/index.php?rest_route=\/wp\/v2\/users\/1"}],"replies":[{"embeddable":true,"href":"https:\/\/psychose-lh.de\/index.php?rest_route=%2Fwp%2Fv2%2Fcomments&post=31"}],"version-history":[{"count":1,"href":"https:\/\/psychose-lh.de\/index.php?rest_route=\/wp\/v2\/pages\/31\/revisions"}],"predecessor-version":[{"id":32,"href":"https:\/\/psychose-lh.de\/index.php?rest_route=\/wp\/v2\/pages\/31\/revisions\/32"}],"wp:attachment":[{"href":"https:\/\/psychose-lh.de\/index.php?rest_route=%2Fwp%2Fv2%2Fmedia&parent=31"}],"curies":[{"name":"wp","href":"https:\/\/api.w.org\/{rel}","templated":true}]}}