{"id":33,"date":"2026-02-27T09:52:02","date_gmt":"2026-02-27T09:52:02","guid":{"rendered":"https:\/\/www.psychose-lh.de\/?page_id=33"},"modified":"2026-02-27T09:52:02","modified_gmt":"2026-02-27T09:52:02","slug":"broschueren","status":"publish","type":"page","link":"https:\/\/psychose-lh.de\/?page_id=33","title":{"rendered":"Brosch\u00fcren"},"content":{"rendered":"\n<p>Es gibt nat\u00fcrlich viele Informationen im Internet. Ich habe einige Brosch\u00fcren im Internet gefunden. Besonders gut sind die folgenden Seiten bzw. Links. Auch wenn die von einem Pharmaunternehmen sind, sind sie sehr hilfreich. Informationen schaden nie&#8230;<\/p>\n\n\n\n<p>Hier ist eine Material\u00fcbersicht der Firma Jansen. Es sind etliche Brosch\u00fcren und auch Infobl\u00e4tter, die sehr hilfreich und lehrreich sind.<\/p>\n\n\n\n<p><a href=\"https:\/\/www.kompass-therapiebegleiter.de\/materialuebersicht\" target=\"_blank\" rel=\"noreferrer noopener\">Material\u00fcbersicht | Kompass Therapiebegleiter (kompass-therapiebegleiter.de)<\/a><\/p>\n\n\n\n<figure class=\"wp-block-image size-full\"><img decoding=\"async\" src=\"https:\/\/psychose-ascheberg.de\/wp-content\/uploads\/2022\/12\/image-1.png\" alt=\"\" class=\"wp-image-24\"\/><\/figure>\n\n\n\n<p>Dann noch eine weitere Quelle, des gleichen Anbieters, mit anderen Brosch\u00fcren (z.T. aber auch gleich).<\/p>\n\n\n\n<p><a href=\"https:\/\/www.janssenwithme.de\/de-de\/psychose\/services\" target=\"_blank\" rel=\"noreferrer noopener\">Psychose: Downloads &amp; Materialien | JanssenWithMe<\/a><\/p>\n\n\n\n<figure class=\"wp-block-image size-full\"><img decoding=\"async\" src=\"https:\/\/psychose-ascheberg.de\/wp-content\/uploads\/2022\/12\/image-2.png\" alt=\"\" class=\"wp-image-27\"\/><\/figure>\n","protected":false},"excerpt":{"rendered":"<p>Es gibt nat\u00fcrlich viele Informationen im Internet. Ich habe einige Brosch\u00fcren im Internet gefunden. Besonders gut sind die folgenden Seiten bzw. Links. Auch wenn die von einem Pharmaunternehmen sind, sind sie sehr hilfreich. Informationen schaden nie&#8230; Hier ist eine Material\u00fcbersicht der Firma Jansen. Es sind etliche Brosch\u00fcren und auch Infobl\u00e4tter, die sehr hilfreich und lehrreich&hellip; <a class=\"more-link\" href=\"https:\/\/psychose-lh.de\/?page_id=33\"><span class=\"screen-reader-text\">Brosch\u00fcren<\/span> weiterlesen<\/a><\/p>\n","protected":false},"author":1,"featured_media":0,"parent":0,"menu_order":0,"comment_status":"closed","ping_status":"closed","template":"","meta":{"footnotes":""},"class_list":["post-33","page","type-page","status-publish","hentry","entry"],"yoast_head":"<!-- This site is optimized with the Yoast SEO plugin v27.5 - https:\/\/yoast.com\/product\/yoast-seo-wordpress\/ -->\r\n<title>Brosch\u00fcren - Psychose L\u00fcdinghausen<\/title>\r\n<meta name=\"robots\" content=\"index, follow, max-snippet:-1, max-image-preview:large, max-video-preview:-1\" \/>\r\n<link rel=\"canonical\" href=\"https:\/\/psychose-lh.de\/?page_id=33\" \/>\r\n<meta property=\"og:locale\" content=\"de_DE\" \/>\r\n<meta property=\"og:type\" content=\"article\" \/>\r\n<meta property=\"og:title\" content=\"Brosch\u00fcren - Psychose L\u00fcdinghausen\" \/>\r\n<meta property=\"og:description\" content=\"Es gibt nat\u00fcrlich viele Informationen im Internet. Ich habe einige Brosch\u00fcren im Internet gefunden. Besonders gut sind die folgenden Seiten bzw. Links. Auch wenn die von einem Pharmaunternehmen sind, sind sie sehr hilfreich. Informationen schaden nie&#8230; Hier ist eine Material\u00fcbersicht der Firma Jansen. Es sind etliche Brosch\u00fcren und auch Infobl\u00e4tter, die sehr hilfreich und lehrreich&hellip; Brosch\u00fcren weiterlesen\" \/>\r\n<meta property=\"og:url\" content=\"https:\/\/psychose-lh.de\/?page_id=33\" \/>\r\n<meta property=\"og:site_name\" content=\"Psychose L\u00fcdinghausen\" \/>\r\n<meta name=\"twitter:card\" content=\"summary_large_image\" \/>\r\n<meta name=\"twitter:label1\" content=\"Gesch\u00e4tzte Lesezeit\" \/>\n\t<meta name=\"twitter:data1\" content=\"1\u00a0Minute\" \/>\r\n<script type=\"application\/ld+json\" class=\"yoast-schema-graph\">{\"@context\":\"https:\\\/\\\/schema.org\",\"@graph\":[{\"@type\":\"WebPage\",\"@id\":\"https:\\\/\\\/psychose-lh.de\\\/?page_id=33\",\"url\":\"https:\\\/\\\/psychose-lh.de\\\/?page_id=33\",\"name\":\"Brosch\u00fcren - Psychose L\u00fcdinghausen\",\"isPartOf\":{\"@id\":\"https:\\\/\\\/psychose-lh.de\\\/#website\"},\"primaryImageOfPage\":{\"@id\":\"https:\\\/\\\/psychose-lh.de\\\/?page_id=33#primaryimage\"},\"image\":{\"@id\":\"https:\\\/\\\/psychose-lh.de\\\/?page_id=33#primaryimage\"},\"thumbnailUrl\":\"https:\\\/\\\/psychose-ascheberg.de\\\/wp-content\\\/uploads\\\/2022\\\/12\\\/image-1.png\",\"datePublished\":\"2026-02-27T09:52:02+00:00\",\"breadcrumb\":{\"@id\":\"https:\\\/\\\/psychose-lh.de\\\/?page_id=33#breadcrumb\"},\"inLanguage\":\"de\",\"potentialAction\":[{\"@type\":\"ReadAction\",\"target\":[\"https:\\\/\\\/psychose-lh.de\\\/?page_id=33\"]}]},{\"@type\":\"ImageObject\",\"inLanguage\":\"de\",\"@id\":\"https:\\\/\\\/psychose-lh.de\\\/?page_id=33#primaryimage\",\"url\":\"https:\\\/\\\/psychose-ascheberg.de\\\/wp-content\\\/uploads\\\/2022\\\/12\\\/image-1.png\",\"contentUrl\":\"https:\\\/\\\/psychose-ascheberg.de\\\/wp-content\\\/uploads\\\/2022\\\/12\\\/image-1.png\"},{\"@type\":\"BreadcrumbList\",\"@id\":\"https:\\\/\\\/psychose-lh.de\\\/?page_id=33#breadcrumb\",\"itemListElement\":[{\"@type\":\"ListItem\",\"position\":1,\"name\":\"Start\",\"item\":\"https:\\\/\\\/psychose-lh.de\\\/\"},{\"@type\":\"ListItem\",\"position\":2,\"name\":\"Brosch\u00fcren\"}]},{\"@type\":\"WebSite\",\"@id\":\"https:\\\/\\\/psychose-lh.de\\\/#website\",\"url\":\"https:\\\/\\\/psychose-lh.de\\\/\",\"name\":\"Psychose L\u00fcdinghausen\",\"description\":\"\",\"potentialAction\":[{\"@type\":\"SearchAction\",\"target\":{\"@type\":\"EntryPoint\",\"urlTemplate\":\"https:\\\/\\\/psychose-lh.de\\\/?s={search_term_string}\"},\"query-input\":{\"@type\":\"PropertyValueSpecification\",\"valueRequired\":true,\"valueName\":\"search_term_string\"}}],\"inLanguage\":\"de\"}]}<\/script>\r\n<!-- \/ Yoast SEO plugin. -->","yoast_head_json":{"title":"Brosch\u00fcren - Psychose L\u00fcdinghausen","robots":{"index":"index","follow":"follow","max-snippet":"max-snippet:-1","max-image-preview":"max-image-preview:large","max-video-preview":"max-video-preview:-1"},"canonical":"https:\/\/psychose-lh.de\/?page_id=33","og_locale":"de_DE","og_type":"article","og_title":"Brosch\u00fcren - Psychose L\u00fcdinghausen","og_description":"Es gibt nat\u00fcrlich viele Informationen im Internet. Ich habe einige Brosch\u00fcren im Internet gefunden. Besonders gut sind die folgenden Seiten bzw. Links. Auch wenn die von einem Pharmaunternehmen sind, sind sie sehr hilfreich. Informationen schaden nie&#8230; Hier ist eine Material\u00fcbersicht der Firma Jansen. Es sind etliche Brosch\u00fcren und auch Infobl\u00e4tter, die sehr hilfreich und lehrreich&hellip; Brosch\u00fcren weiterlesen","og_url":"https:\/\/psychose-lh.de\/?page_id=33","og_site_name":"Psychose L\u00fcdinghausen","twitter_card":"summary_large_image","twitter_misc":{"Gesch\u00e4tzte Lesezeit":"1\u00a0Minute"},"schema":{"@context":"https:\/\/schema.org","@graph":[{"@type":"WebPage","@id":"https:\/\/psychose-lh.de\/?page_id=33","url":"https:\/\/psychose-lh.de\/?page_id=33","name":"Brosch\u00fcren - Psychose L\u00fcdinghausen","isPartOf":{"@id":"https:\/\/psychose-lh.de\/#website"},"primaryImageOfPage":{"@id":"https:\/\/psychose-lh.de\/?page_id=33#primaryimage"},"image":{"@id":"https:\/\/psychose-lh.de\/?page_id=33#primaryimage"},"thumbnailUrl":"https:\/\/psychose-ascheberg.de\/wp-content\/uploads\/2022\/12\/image-1.png","datePublished":"2026-02-27T09:52:02+00:00","breadcrumb":{"@id":"https:\/\/psychose-lh.de\/?page_id=33#breadcrumb"},"inLanguage":"de","potentialAction":[{"@type":"ReadAction","target":["https:\/\/psychose-lh.de\/?page_id=33"]}]},{"@type":"ImageObject","inLanguage":"de","@id":"https:\/\/psychose-lh.de\/?page_id=33#primaryimage","url":"https:\/\/psychose-ascheberg.de\/wp-content\/uploads\/2022\/12\/image-1.png","contentUrl":"https:\/\/psychose-ascheberg.de\/wp-content\/uploads\/2022\/12\/image-1.png"},{"@type":"BreadcrumbList","@id":"https:\/\/psychose-lh.de\/?page_id=33#breadcrumb","itemListElement":[{"@type":"ListItem","position":1,"name":"Start","item":"https:\/\/psychose-lh.de\/"},{"@type":"ListItem","position":2,"name":"Brosch\u00fcren"}]},{"@type":"WebSite","@id":"https:\/\/psychose-lh.de\/#website","url":"https:\/\/psychose-lh.de\/","name":"Psychose L\u00fcdinghausen","description":"","potentialAction":[{"@type":"SearchAction","target":{"@type":"EntryPoint","urlTemplate":"https:\/\/psychose-lh.de\/?s={search_term_string}"},"query-input":{"@type":"PropertyValueSpecification","valueRequired":true,"valueName":"search_term_string"}}],"inLanguage":"de"}]}},"_links":{"self":[{"href":"https:\/\/psychose-lh.de\/index.php?rest_route=\/wp\/v2\/pages\/33","targetHints":{"allow":["GET"]}}],"collection":[{"href":"https:\/\/psychose-lh.de\/index.php?rest_route=\/wp\/v2\/pages"}],"about":[{"href":"https:\/\/psychose-lh.de\/index.php?rest_route=\/wp\/v2\/types\/page"}],"author":[{"embeddable":true,"href":"https:\/\/psychose-lh.de\/index.php?rest_route=\/wp\/v2\/users\/1"}],"replies":[{"embeddable":true,"href":"https:\/\/psychose-lh.de\/index.php?rest_route=%2Fwp%2Fv2%2Fcomments&post=33"}],"version-history":[{"count":1,"href":"https:\/\/psychose-lh.de\/index.php?rest_route=\/wp\/v2\/pages\/33\/revisions"}],"predecessor-version":[{"id":34,"href":"https:\/\/psychose-lh.de\/index.php?rest_route=\/wp\/v2\/pages\/33\/revisions\/34"}],"wp:attachment":[{"href":"https:\/\/psychose-lh.de\/index.php?rest_route=%2Fwp%2Fv2%2Fmedia&parent=33"}],"curies":[{"name":"wp","href":"https:\/\/api.w.org\/{rel}","templated":true}]}}