{"id":37,"date":"2026-02-27T10:01:22","date_gmt":"2026-02-27T10:01:22","guid":{"rendered":"https:\/\/www.psychose-lh.de\/?page_id=37"},"modified":"2026-02-27T10:01:22","modified_gmt":"2026-02-27T10:01:22","slug":"unterstuetzungsangebote","status":"publish","type":"page","link":"https:\/\/psychose-lh.de\/?page_id=37","title":{"rendered":"Unterst\u00fctzungsangebote"},"content":{"rendered":"\n<p>Es gibt drei wichtige S\u00e4ulen:<\/p>\n\n\n\n<div class=\"wp-block-columns is-layout-flex wp-container-core-columns-is-layout-9d6595d7 wp-block-columns-is-layout-flex\">\n<div class=\"wp-block-column is-layout-flow wp-block-column-is-layout-flow\">\n<p>\u00c4rzte\/ Therapeuten<br>Hier sind besonders die Fach\u00e4rzte (Psychiater) gemeint, welche einen mit den richtigen Medikamenten unterst\u00fctzen. Die Therapeuten geben einem Ratschl\u00e4ge, wie man an sich arbeiten kann, um mit der Psychose ein relativ normales Leben zu f\u00fchren.<br><\/p>\n<\/div>\n\n\n\n<div class=\"wp-block-column is-layout-flow wp-block-column-is-layout-flow\">\n<p>Angeh\u00f6rige<br>Hinter jedem erfolgreichen Erkrankten stehen starke Angeh\u00f6rige und ein gutes soziales Umfeld. Daf\u00fcr muss man sich anstrengen, was nicht immer leicht ist. Es gibt auch Selbsthilfegruppen und Informationen extra f\u00fcr Angeh\u00f6rige und Freunde.<\/p>\n<\/div>\n\n\n\n<div class=\"wp-block-column is-layout-flow wp-block-column-is-layout-flow\">\n<p>Der Erkrankte<br>Der Erkrankte selbst ist nat\u00fcrlich auch extrem wichtig. Jeder ist individuell und geht seinen Weg. Dazu kann man selbst zum Experten f\u00fcr seine Krankheit werden, indem man Unterst\u00fctzungsangebote wie Psychoedukation, MetaKognitiovesTraining und nat\u00fcrlich den Notfallplan wahrnimmt.<\/p>\n<\/div>\n<\/div>\n\n\n\n<p>Hier sind noch ein paar wichtige Informationen:<br>Als Kliniken f\u00fcr den Notfall gibt es die<\/p>\n\n\n\n<p><a href=\"https:\/\/www.klinik-am-schlossgarten.de\" target=\"_blank\" rel=\"noreferrer noopener\">Klinik am Schlossgarten in D\u00fclmen<\/a><\/p>\n\n\n\n<p>Der Klinik ist eine Tagesklinik angeschlossen, in der man weiter auf ein gutes Leben mit der Krankheit vorbereitet wird. In der Tageskliniken spricht man immer von Medikamenten die antipsychotisch wirken und t\u00e4glich genommen werden m\u00fcssen. Dann gibt es noch die Bedarfsmedikation, die in Krisensituationen genommen werden kann, um einen weiteren Schub zu verhindern oder andere Symptome in den Griff zu bekommen. Die Psychiater in der N\u00e4he helfen die Medikamente genau einzustellen und den geeigneten Therapeuten zu finden.<\/p>\n\n\n\n<p><a href=\"https:\/\/www.psychiatrie-lh.com\/\" target=\"_blank\" rel=\"noreferrer noopener\">Dr. med. Daniela Mergenthaler, Herr Dr. Jungeblut<\/a><\/p>\n\n\n\n<p>Dann nat\u00fcrlich noch eine psychologische Praxis f\u00fcr die Begleitung im Alltag und zur Erreichung wichtiger Ziele im Leben mit der Krankheit. Psychologen k\u00f6nnen einen auch zum Fachmann f\u00fcr die eigene Erkrankung machen. Hier eine Gemeinschaftspraxis mit mehreren Psychologen in L\u00fcdinghausen.<br><a href=\"http:\/\/www.psychotherapie-kley.de\/\" target=\"_blank\" rel=\"noreferrer noopener\">Praxis f\u00fcr Psychotherapie Kley<\/a><\/p>\n\n\n\n<p>oder eine andere Praxis.<\/p>\n\n\n\n<p><\/p>\n\n\n\n<p><a href=\"https:\/\/serviceportal.kreis-coesfeld.de\/suche\/-\/egov-bis-detail\/dienstleistung\/392\/show\" target=\"_blank\" rel=\"noreferrer noopener\">Sozialpsychiatrischer Dienst Gesundheitsamt Kreis Coesfeld<\/a><\/p>\n\n\n\n<p>Es gibt dann noch zur Unterst\u00fctzung die Soziotherapie, die in Abstimmung mit dem Arzt und Therapeuten verordnet werden kann. Hier werden auch klare Ziele festgelegt, um einen m\u00f6glichen Krankenhausaufenthalt zu verk\u00fcrzen oder ganz zu vermeiden. Weitere Informationen findet man unter <a href=\"https:\/\/gkv-spitzenverband.de\/krankenversicherung\/ambulante_leistungen\/soziotherapie\/soziotherapie.jsp\" target=\"_blank\" rel=\"noreferrer noopener\">Soziotherapie &#8211; GKV-Spitzenverband<\/a> . Anbieter sind zum Beispiel:<\/p>\n\n\n\n<p><a href=\"https:\/\/aufeigenenfuessenstehen.de\/\" target=\"_blank\" rel=\"noreferrer noopener\">Auf eigenen F\u00fc\u00dfen stehen &#8211; L\u00fcdinghausen<\/a><\/p>\n\n\n\n<p>Es gibt dann auch noch eine Selbsthilfegruppe in M\u00fcnster:<\/p>\n\n\n\n<p><a href=\"https:\/\/www.selbsthilfenetz.de\/suchen-und-finden\/selbsthilfegruppe-finden\/details\/48674-schizoaffektive-stoerung-psychose-muenster\" target=\"_blank\" rel=\"noreferrer noopener\">Schizoaffektive St\u00f6rungen und Psychosen &#8211; M\u00fcnster<\/a><\/p>\n\n\n\n<p>Daneben gibt es noch eine Unterst\u00fctzungsgruppe f\u00fcr Kinder psychisch kranker Eltern in D\u00fclmen an der Tagesklinik der Schlossgarten Klinik. Die Gruppe nennt sich WellenGang und findet \u00fcber die Dauer eines halben Jahres statt. Man muss sich anmelden.<\/p>\n\n\n\n<p><a href=\"https:\/\/www.caritas-coesfeld.de\/presse\/presse\/am-20.-september-ist-weltkindertag--das-gruppenangebot-wellengang-unterstuetzt-kinder-und-jugendlich#:~:text=Auskunft%20und%20Anmeldung%20f%C3%BCr%20das,%40caritas%2Dcoesfeld.de.\" target=\"_blank\" rel=\"noreferrer noopener\">Presse Wellengang &#8211; Caritas Coesfeld<\/a><\/p>\n\n\n\n<p>Es gibt auch die M\u00f6glichkeit eine medizinische Rehabilitationseinrichtung in M\u00fcnster zu besuchen. Das muss mit dem behandelnden Arzt und der Krankenkasse gekl\u00e4rt werden.<\/p>\n\n\n\n<p><a href=\"https:\/\/fsp-muenster.de\/reha-zentrum\/\" target=\"_blank\" rel=\"noreferrer noopener\">Reha Zentrum &#8211; M\u00fcnster<\/a><\/p>\n\n\n\n<p>Zus\u00e4tzlich gibt es noch den Notfallkoffer, den sollte jeder Erkrankte haben. Bei mir ist es ein gro\u00dfer Umzugskarton geworden, der zwar sichtbar im Keller steht, aber auch regelm\u00e4\u00dfig inspiziert wird. Denn darin sollten all die Dinge sein, die einen beruhigen und zur\u00fcckholen ins hier und jetzt. Das kann ein Foto vom Fitnessstudio sein, denn Sport ist immer eine gute Sache. Besser 20 Minuten an der frischen Luft, als 10 Minuten Gr\u00fcbeln und schlecht drauf sein.<\/p>\n\n\n\n<p>Pers\u00f6nlicher Notfallkoffer<\/p>\n\n\n\n<ol class=\"wp-block-list\">\n<li>Bedarfsmedikament 1<\/li>\n\n\n\n<li>Bedarfsmedikament 2<\/li>\n\n\n\n<li>Notfallmedikament (Antipsychotisch)<\/li>\n\n\n\n<li>Plan, Wer \u00fcbernimmt welche Aufgabe<\/li>\n\n\n\n<li>Checkliste Krisenplan<\/li>\n\n\n\n<li>Krisenplan f\u00fcr die Klinik<\/li>\n\n\n\n<li>Behandlungsvereinbarung in der Klinik<\/li>\n\n\n\n<li>Notfallaufnahme der Klinik Nummer und Adresse<\/li>\n\n\n\n<li>Notfallkontakt Psychiater<\/li>\n\n\n\n<li>Notfallkontakt Therapeut<\/li>\n\n\n\n<li>Hotline Krisen Telefonnummer<\/li>\n\n\n\n<li>Patientenverf\u00fcgung<\/li>\n\n\n\n<li>Vorsorgevollmacht<\/li>\n\n\n\n<li>Berichte der letzten Aufenthalte in der Klinik<\/li>\n\n\n\n<li>Bild von der Familie<\/li>\n\n\n\n<li>Bild von den Kindern<\/li>\n\n\n\n<li>Bild vom Wohnen<\/li>\n\n\n\n<li>Bild von der Arbeit<\/li>\n\n\n\n<li>Bild vom Auto<\/li>\n\n\n\n<li>Bild vom Fahrrad<\/li>\n\n\n\n<li>Bild Zigaretten durchgestrichen<\/li>\n\n\n\n<li>Bild Laufband<\/li>\n\n\n\n<li>Bild guter Freund 1<\/li>\n\n\n\n<li>Bild guter Freund 2<\/li>\n\n\n\n<li>Bild guter Freund 3<\/li>\n\n\n\n<li>Zusammenfassung von den Dingen, die man schon erreicht hat<\/li>\n\n\n\n<li>Entspannungs CD<\/li>\n\n\n\n<li>Sodoku Buch mit Kugelschreiber<\/li>\n\n\n\n<li>Mandala Buch mit Stiften<\/li>\n\n\n\n<li>Bild von einem Urlaub<\/li>\n<\/ol>\n","protected":false},"excerpt":{"rendered":"<p>Es gibt drei wichtige S\u00e4ulen: \u00c4rzte\/ TherapeutenHier sind besonders die Fach\u00e4rzte (Psychiater) gemeint, welche einen mit den richtigen Medikamenten unterst\u00fctzen. Die Therapeuten geben einem Ratschl\u00e4ge, wie man an sich arbeiten kann, um mit der Psychose ein relativ normales Leben zu f\u00fchren. Angeh\u00f6rigeHinter jedem erfolgreichen Erkrankten stehen starke Angeh\u00f6rige und ein gutes soziales Umfeld. Daf\u00fcr muss&hellip; <a class=\"more-link\" href=\"https:\/\/psychose-lh.de\/?page_id=37\"><span class=\"screen-reader-text\">Unterst\u00fctzungsangebote<\/span> weiterlesen<\/a><\/p>\n","protected":false},"author":1,"featured_media":0,"parent":0,"menu_order":0,"comment_status":"closed","ping_status":"closed","template":"","meta":{"footnotes":""},"class_list":["post-37","page","type-page","status-publish","hentry","entry"],"yoast_head":"<!-- This site is optimized with the Yoast SEO plugin v27.5 - https:\/\/yoast.com\/product\/yoast-seo-wordpress\/ -->\r\n<title>Unterst\u00fctzungsangebote - Psychose L\u00fcdinghausen<\/title>\r\n<meta name=\"robots\" content=\"index, follow, max-snippet:-1, max-image-preview:large, max-video-preview:-1\" \/>\r\n<link rel=\"canonical\" href=\"https:\/\/psychose-lh.de\/?page_id=37\" \/>\r\n<meta property=\"og:locale\" content=\"de_DE\" \/>\r\n<meta property=\"og:type\" content=\"article\" \/>\r\n<meta property=\"og:title\" content=\"Unterst\u00fctzungsangebote - Psychose L\u00fcdinghausen\" \/>\r\n<meta property=\"og:description\" content=\"Es gibt drei wichtige S\u00e4ulen: \u00c4rzte\/ TherapeutenHier sind besonders die Fach\u00e4rzte (Psychiater) gemeint, welche einen mit den richtigen Medikamenten unterst\u00fctzen. Die Therapeuten geben einem Ratschl\u00e4ge, wie man an sich arbeiten kann, um mit der Psychose ein relativ normales Leben zu f\u00fchren. Angeh\u00f6rigeHinter jedem erfolgreichen Erkrankten stehen starke Angeh\u00f6rige und ein gutes soziales Umfeld. Daf\u00fcr muss&hellip; Unterst\u00fctzungsangebote weiterlesen\" \/>\r\n<meta property=\"og:url\" content=\"https:\/\/psychose-lh.de\/?page_id=37\" \/>\r\n<meta property=\"og:site_name\" content=\"Psychose L\u00fcdinghausen\" \/>\r\n<meta name=\"twitter:card\" content=\"summary_large_image\" \/>\r\n<meta name=\"twitter:label1\" content=\"Gesch\u00e4tzte Lesezeit\" \/>\n\t<meta name=\"twitter:data1\" content=\"4\u00a0Minuten\" \/>\r\n<script type=\"application\/ld+json\" class=\"yoast-schema-graph\">{\"@context\":\"https:\\\/\\\/schema.org\",\"@graph\":[{\"@type\":\"WebPage\",\"@id\":\"https:\\\/\\\/psychose-lh.de\\\/?page_id=37\",\"url\":\"https:\\\/\\\/psychose-lh.de\\\/?page_id=37\",\"name\":\"Unterst\u00fctzungsangebote - Psychose L\u00fcdinghausen\",\"isPartOf\":{\"@id\":\"https:\\\/\\\/psychose-lh.de\\\/#website\"},\"datePublished\":\"2026-02-27T10:01:22+00:00\",\"breadcrumb\":{\"@id\":\"https:\\\/\\\/psychose-lh.de\\\/?page_id=37#breadcrumb\"},\"inLanguage\":\"de\",\"potentialAction\":[{\"@type\":\"ReadAction\",\"target\":[\"https:\\\/\\\/psychose-lh.de\\\/?page_id=37\"]}]},{\"@type\":\"BreadcrumbList\",\"@id\":\"https:\\\/\\\/psychose-lh.de\\\/?page_id=37#breadcrumb\",\"itemListElement\":[{\"@type\":\"ListItem\",\"position\":1,\"name\":\"Start\",\"item\":\"https:\\\/\\\/psychose-lh.de\\\/\"},{\"@type\":\"ListItem\",\"position\":2,\"name\":\"Unterst\u00fctzungsangebote\"}]},{\"@type\":\"WebSite\",\"@id\":\"https:\\\/\\\/psychose-lh.de\\\/#website\",\"url\":\"https:\\\/\\\/psychose-lh.de\\\/\",\"name\":\"Psychose L\u00fcdinghausen\",\"description\":\"\",\"potentialAction\":[{\"@type\":\"SearchAction\",\"target\":{\"@type\":\"EntryPoint\",\"urlTemplate\":\"https:\\\/\\\/psychose-lh.de\\\/?s={search_term_string}\"},\"query-input\":{\"@type\":\"PropertyValueSpecification\",\"valueRequired\":true,\"valueName\":\"search_term_string\"}}],\"inLanguage\":\"de\"}]}<\/script>\r\n<!-- \/ Yoast SEO plugin. -->","yoast_head_json":{"title":"Unterst\u00fctzungsangebote - Psychose L\u00fcdinghausen","robots":{"index":"index","follow":"follow","max-snippet":"max-snippet:-1","max-image-preview":"max-image-preview:large","max-video-preview":"max-video-preview:-1"},"canonical":"https:\/\/psychose-lh.de\/?page_id=37","og_locale":"de_DE","og_type":"article","og_title":"Unterst\u00fctzungsangebote - Psychose L\u00fcdinghausen","og_description":"Es gibt drei wichtige S\u00e4ulen: \u00c4rzte\/ TherapeutenHier sind besonders die Fach\u00e4rzte (Psychiater) gemeint, welche einen mit den richtigen Medikamenten unterst\u00fctzen. Die Therapeuten geben einem Ratschl\u00e4ge, wie man an sich arbeiten kann, um mit der Psychose ein relativ normales Leben zu f\u00fchren. Angeh\u00f6rigeHinter jedem erfolgreichen Erkrankten stehen starke Angeh\u00f6rige und ein gutes soziales Umfeld. Daf\u00fcr muss&hellip; Unterst\u00fctzungsangebote weiterlesen","og_url":"https:\/\/psychose-lh.de\/?page_id=37","og_site_name":"Psychose L\u00fcdinghausen","twitter_card":"summary_large_image","twitter_misc":{"Gesch\u00e4tzte Lesezeit":"4\u00a0Minuten"},"schema":{"@context":"https:\/\/schema.org","@graph":[{"@type":"WebPage","@id":"https:\/\/psychose-lh.de\/?page_id=37","url":"https:\/\/psychose-lh.de\/?page_id=37","name":"Unterst\u00fctzungsangebote - Psychose L\u00fcdinghausen","isPartOf":{"@id":"https:\/\/psychose-lh.de\/#website"},"datePublished":"2026-02-27T10:01:22+00:00","breadcrumb":{"@id":"https:\/\/psychose-lh.de\/?page_id=37#breadcrumb"},"inLanguage":"de","potentialAction":[{"@type":"ReadAction","target":["https:\/\/psychose-lh.de\/?page_id=37"]}]},{"@type":"BreadcrumbList","@id":"https:\/\/psychose-lh.de\/?page_id=37#breadcrumb","itemListElement":[{"@type":"ListItem","position":1,"name":"Start","item":"https:\/\/psychose-lh.de\/"},{"@type":"ListItem","position":2,"name":"Unterst\u00fctzungsangebote"}]},{"@type":"WebSite","@id":"https:\/\/psychose-lh.de\/#website","url":"https:\/\/psychose-lh.de\/","name":"Psychose L\u00fcdinghausen","description":"","potentialAction":[{"@type":"SearchAction","target":{"@type":"EntryPoint","urlTemplate":"https:\/\/psychose-lh.de\/?s={search_term_string}"},"query-input":{"@type":"PropertyValueSpecification","valueRequired":true,"valueName":"search_term_string"}}],"inLanguage":"de"}]}},"_links":{"self":[{"href":"https:\/\/psychose-lh.de\/index.php?rest_route=\/wp\/v2\/pages\/37","targetHints":{"allow":["GET"]}}],"collection":[{"href":"https:\/\/psychose-lh.de\/index.php?rest_route=\/wp\/v2\/pages"}],"about":[{"href":"https:\/\/psychose-lh.de\/index.php?rest_route=\/wp\/v2\/types\/page"}],"author":[{"embeddable":true,"href":"https:\/\/psychose-lh.de\/index.php?rest_route=\/wp\/v2\/users\/1"}],"replies":[{"embeddable":true,"href":"https:\/\/psychose-lh.de\/index.php?rest_route=%2Fwp%2Fv2%2Fcomments&post=37"}],"version-history":[{"count":1,"href":"https:\/\/psychose-lh.de\/index.php?rest_route=\/wp\/v2\/pages\/37\/revisions"}],"predecessor-version":[{"id":38,"href":"https:\/\/psychose-lh.de\/index.php?rest_route=\/wp\/v2\/pages\/37\/revisions\/38"}],"wp:attachment":[{"href":"https:\/\/psychose-lh.de\/index.php?rest_route=%2Fwp%2Fv2%2Fmedia&parent=37"}],"curies":[{"name":"wp","href":"https:\/\/api.w.org\/{rel}","templated":true}]}}