{"id":39,"date":"2026-02-27T10:02:06","date_gmt":"2026-02-27T10:02:06","guid":{"rendered":"https:\/\/www.psychose-lh.de\/?page_id=39"},"modified":"2026-02-27T10:02:07","modified_gmt":"2026-02-27T10:02:07","slug":"hilfen","status":"publish","type":"page","link":"https:\/\/psychose-lh.de\/?page_id=39","title":{"rendered":"Hilfen"},"content":{"rendered":"\n<p>Mittlerweile ist die Psychiatrie und die Unterst\u00fctzung von Psychose-kranken Menschen deutlich weiter entwickelt als noch zu Beginn der 2.000-er Jahre. <br>Heute unterteilt man vornehmlich in folgende Bereiche:<br><strong>Pharmakotherapie<\/strong> (Unterst\u00fctzung durch entsprechende und wirksame Medikamente), <strong>Psychotherapie<\/strong> (<strong>KVT<\/strong>=Kognitive Verhaltens Therapie, die den erkrankten Unterst\u00fctzen soll, ein relativ normales Leben f\u00fchren zu k\u00f6nnen), <strong>Psychoedukation<\/strong> (Den Erkrankten zum Experten f\u00fcr seine Krankheit machen), <strong>MKT<\/strong> (Meta Kognitives Training, das Denken \u00fcber das Denken, was helfen soll, \u00fcber Denkverzerrungen sich im klaren zu werden), Psychoeduktion f\u00fcr die Angeh\u00f6rigen und das soziale Umfeld, <strong>Sozialpsychiatrischer Dienst<\/strong> (Der ist dem Gesundheitsamt der Stadt oder des Kreises angeschlossen und soll in Fragen rund um Unterst\u00fctzungsangebote helfen), <strong>Soziotherapie<\/strong> (Unterst\u00fctzung in allt\u00e4glichen Dingen, Informationen erh\u00e4lt man beim Sozialpsychiatrischen Dienst, wird verordnet), <strong>Selbsthilfegruppen<\/strong> und nat\u00fcrlich man <strong>SELBST<\/strong>!!!!<\/p>\n\n\n\n<p>Was kann man selber tun?<br>Nun, man sollte einen Notfallkoffer haben, einen Krisenplan, die APP Cogito (MKT+)(erh\u00e4ltlich kostenlos im APP-Store, siehe Bild weiter unten) t\u00e4glich ausf\u00fchren, regelm\u00e4\u00dfig Sport und t\u00e4gliche Bewegung, einen strukturierten Tagesablauf, Besuch einer Selbsthilfegruppe, Arztbesuche, Therapeutenbesuche, regelm\u00e4\u00dfiger Kontakt zu Freunden und Angeh\u00f6rigen, Achtsamkeits\u00fcbungen, &#8230;<\/p>\n\n\n\n<p>Was sollte man auf jeden Fall unterlassen?<br>Nun ja, Drogenkonsum, Alkoholkonsum, Sport abbrechen, Kontakte zu Freunden einschlafen lassen, Gr\u00fcbeln,alles was stresst, &#8230;<\/p>\n\n\n\n<figure class=\"wp-block-image size-large is-resized is-style-twentytwentyone-image-frame\"><img decoding=\"async\" src=\"https:\/\/psychose-ascheberg.de\/wp-content\/uploads\/2023\/01\/IMG_6240-473x1024.png\" alt=\"COGITO App\" class=\"wp-image-109\" style=\"width:355px;height:768px\"\/><figcaption class=\"wp-element-caption\">COGITO App<\/figcaption><\/figure>\n","protected":false},"excerpt":{"rendered":"<p>Mittlerweile ist die Psychiatrie und die Unterst\u00fctzung von Psychose-kranken Menschen deutlich weiter entwickelt als noch zu Beginn der 2.000-er Jahre. Heute unterteilt man vornehmlich in folgende Bereiche:Pharmakotherapie (Unterst\u00fctzung durch entsprechende und wirksame Medikamente), Psychotherapie (KVT=Kognitive Verhaltens Therapie, die den erkrankten Unterst\u00fctzen soll, ein relativ normales Leben f\u00fchren zu k\u00f6nnen), Psychoedukation (Den Erkrankten zum Experten f\u00fcr&hellip; <a class=\"more-link\" href=\"https:\/\/psychose-lh.de\/?page_id=39\"><span class=\"screen-reader-text\">Hilfen<\/span> weiterlesen<\/a><\/p>\n","protected":false},"author":1,"featured_media":0,"parent":0,"menu_order":0,"comment_status":"closed","ping_status":"closed","template":"","meta":{"footnotes":""},"class_list":["post-39","page","type-page","status-publish","hentry","entry"],"yoast_head":"<!-- This site is optimized with the Yoast SEO plugin v27.5 - https:\/\/yoast.com\/product\/yoast-seo-wordpress\/ -->\r\n<title>Hilfen - Psychose L\u00fcdinghausen<\/title>\r\n<meta name=\"robots\" content=\"index, follow, max-snippet:-1, max-image-preview:large, max-video-preview:-1\" \/>\r\n<link rel=\"canonical\" href=\"https:\/\/psychose-lh.de\/?page_id=39\" \/>\r\n<meta property=\"og:locale\" content=\"de_DE\" \/>\r\n<meta property=\"og:type\" content=\"article\" \/>\r\n<meta property=\"og:title\" content=\"Hilfen - Psychose L\u00fcdinghausen\" \/>\r\n<meta property=\"og:description\" content=\"Mittlerweile ist die Psychiatrie und die Unterst\u00fctzung von Psychose-kranken Menschen deutlich weiter entwickelt als noch zu Beginn der 2.000-er Jahre. Heute unterteilt man vornehmlich in folgende Bereiche:Pharmakotherapie (Unterst\u00fctzung durch entsprechende und wirksame Medikamente), Psychotherapie (KVT=Kognitive Verhaltens Therapie, die den erkrankten Unterst\u00fctzen soll, ein relativ normales Leben f\u00fchren zu k\u00f6nnen), Psychoedukation (Den Erkrankten zum Experten f\u00fcr&hellip; Hilfen weiterlesen\" \/>\r\n<meta property=\"og:url\" content=\"https:\/\/psychose-lh.de\/?page_id=39\" \/>\r\n<meta property=\"og:site_name\" content=\"Psychose L\u00fcdinghausen\" \/>\r\n<meta property=\"article:modified_time\" content=\"2026-02-27T10:02:07+00:00\" \/>\r\n<meta name=\"twitter:card\" content=\"summary_large_image\" \/>\r\n<meta name=\"twitter:label1\" content=\"Gesch\u00e4tzte Lesezeit\" \/>\n\t<meta name=\"twitter:data1\" content=\"2\u00a0Minuten\" \/>\r\n<script type=\"application\/ld+json\" class=\"yoast-schema-graph\">{\"@context\":\"https:\\\/\\\/schema.org\",\"@graph\":[{\"@type\":\"WebPage\",\"@id\":\"https:\\\/\\\/psychose-lh.de\\\/?page_id=39\",\"url\":\"https:\\\/\\\/psychose-lh.de\\\/?page_id=39\",\"name\":\"Hilfen - Psychose L\u00fcdinghausen\",\"isPartOf\":{\"@id\":\"https:\\\/\\\/psychose-lh.de\\\/#website\"},\"primaryImageOfPage\":{\"@id\":\"https:\\\/\\\/psychose-lh.de\\\/?page_id=39#primaryimage\"},\"image\":{\"@id\":\"https:\\\/\\\/psychose-lh.de\\\/?page_id=39#primaryimage\"},\"thumbnailUrl\":\"https:\\\/\\\/psychose-ascheberg.de\\\/wp-content\\\/uploads\\\/2023\\\/01\\\/IMG_6240-473x1024.png\",\"datePublished\":\"2026-02-27T10:02:06+00:00\",\"dateModified\":\"2026-02-27T10:02:07+00:00\",\"breadcrumb\":{\"@id\":\"https:\\\/\\\/psychose-lh.de\\\/?page_id=39#breadcrumb\"},\"inLanguage\":\"de\",\"potentialAction\":[{\"@type\":\"ReadAction\",\"target\":[\"https:\\\/\\\/psychose-lh.de\\\/?page_id=39\"]}]},{\"@type\":\"ImageObject\",\"inLanguage\":\"de\",\"@id\":\"https:\\\/\\\/psychose-lh.de\\\/?page_id=39#primaryimage\",\"url\":\"https:\\\/\\\/psychose-ascheberg.de\\\/wp-content\\\/uploads\\\/2023\\\/01\\\/IMG_6240-473x1024.png\",\"contentUrl\":\"https:\\\/\\\/psychose-ascheberg.de\\\/wp-content\\\/uploads\\\/2023\\\/01\\\/IMG_6240-473x1024.png\"},{\"@type\":\"BreadcrumbList\",\"@id\":\"https:\\\/\\\/psychose-lh.de\\\/?page_id=39#breadcrumb\",\"itemListElement\":[{\"@type\":\"ListItem\",\"position\":1,\"name\":\"Start\",\"item\":\"https:\\\/\\\/psychose-lh.de\\\/\"},{\"@type\":\"ListItem\",\"position\":2,\"name\":\"Hilfen\"}]},{\"@type\":\"WebSite\",\"@id\":\"https:\\\/\\\/psychose-lh.de\\\/#website\",\"url\":\"https:\\\/\\\/psychose-lh.de\\\/\",\"name\":\"Psychose L\u00fcdinghausen\",\"description\":\"\",\"potentialAction\":[{\"@type\":\"SearchAction\",\"target\":{\"@type\":\"EntryPoint\",\"urlTemplate\":\"https:\\\/\\\/psychose-lh.de\\\/?s={search_term_string}\"},\"query-input\":{\"@type\":\"PropertyValueSpecification\",\"valueRequired\":true,\"valueName\":\"search_term_string\"}}],\"inLanguage\":\"de\"}]}<\/script>\r\n<!-- \/ Yoast SEO plugin. -->","yoast_head_json":{"title":"Hilfen - Psychose L\u00fcdinghausen","robots":{"index":"index","follow":"follow","max-snippet":"max-snippet:-1","max-image-preview":"max-image-preview:large","max-video-preview":"max-video-preview:-1"},"canonical":"https:\/\/psychose-lh.de\/?page_id=39","og_locale":"de_DE","og_type":"article","og_title":"Hilfen - Psychose L\u00fcdinghausen","og_description":"Mittlerweile ist die Psychiatrie und die Unterst\u00fctzung von Psychose-kranken Menschen deutlich weiter entwickelt als noch zu Beginn der 2.000-er Jahre. Heute unterteilt man vornehmlich in folgende Bereiche:Pharmakotherapie (Unterst\u00fctzung durch entsprechende und wirksame Medikamente), Psychotherapie (KVT=Kognitive Verhaltens Therapie, die den erkrankten Unterst\u00fctzen soll, ein relativ normales Leben f\u00fchren zu k\u00f6nnen), Psychoedukation (Den Erkrankten zum Experten f\u00fcr&hellip; Hilfen weiterlesen","og_url":"https:\/\/psychose-lh.de\/?page_id=39","og_site_name":"Psychose L\u00fcdinghausen","article_modified_time":"2026-02-27T10:02:07+00:00","twitter_card":"summary_large_image","twitter_misc":{"Gesch\u00e4tzte Lesezeit":"2\u00a0Minuten"},"schema":{"@context":"https:\/\/schema.org","@graph":[{"@type":"WebPage","@id":"https:\/\/psychose-lh.de\/?page_id=39","url":"https:\/\/psychose-lh.de\/?page_id=39","name":"Hilfen - Psychose L\u00fcdinghausen","isPartOf":{"@id":"https:\/\/psychose-lh.de\/#website"},"primaryImageOfPage":{"@id":"https:\/\/psychose-lh.de\/?page_id=39#primaryimage"},"image":{"@id":"https:\/\/psychose-lh.de\/?page_id=39#primaryimage"},"thumbnailUrl":"https:\/\/psychose-ascheberg.de\/wp-content\/uploads\/2023\/01\/IMG_6240-473x1024.png","datePublished":"2026-02-27T10:02:06+00:00","dateModified":"2026-02-27T10:02:07+00:00","breadcrumb":{"@id":"https:\/\/psychose-lh.de\/?page_id=39#breadcrumb"},"inLanguage":"de","potentialAction":[{"@type":"ReadAction","target":["https:\/\/psychose-lh.de\/?page_id=39"]}]},{"@type":"ImageObject","inLanguage":"de","@id":"https:\/\/psychose-lh.de\/?page_id=39#primaryimage","url":"https:\/\/psychose-ascheberg.de\/wp-content\/uploads\/2023\/01\/IMG_6240-473x1024.png","contentUrl":"https:\/\/psychose-ascheberg.de\/wp-content\/uploads\/2023\/01\/IMG_6240-473x1024.png"},{"@type":"BreadcrumbList","@id":"https:\/\/psychose-lh.de\/?page_id=39#breadcrumb","itemListElement":[{"@type":"ListItem","position":1,"name":"Start","item":"https:\/\/psychose-lh.de\/"},{"@type":"ListItem","position":2,"name":"Hilfen"}]},{"@type":"WebSite","@id":"https:\/\/psychose-lh.de\/#website","url":"https:\/\/psychose-lh.de\/","name":"Psychose L\u00fcdinghausen","description":"","potentialAction":[{"@type":"SearchAction","target":{"@type":"EntryPoint","urlTemplate":"https:\/\/psychose-lh.de\/?s={search_term_string}"},"query-input":{"@type":"PropertyValueSpecification","valueRequired":true,"valueName":"search_term_string"}}],"inLanguage":"de"}]}},"_links":{"self":[{"href":"https:\/\/psychose-lh.de\/index.php?rest_route=\/wp\/v2\/pages\/39","targetHints":{"allow":["GET"]}}],"collection":[{"href":"https:\/\/psychose-lh.de\/index.php?rest_route=\/wp\/v2\/pages"}],"about":[{"href":"https:\/\/psychose-lh.de\/index.php?rest_route=\/wp\/v2\/types\/page"}],"author":[{"embeddable":true,"href":"https:\/\/psychose-lh.de\/index.php?rest_route=\/wp\/v2\/users\/1"}],"replies":[{"embeddable":true,"href":"https:\/\/psychose-lh.de\/index.php?rest_route=%2Fwp%2Fv2%2Fcomments&post=39"}],"version-history":[{"count":1,"href":"https:\/\/psychose-lh.de\/index.php?rest_route=\/wp\/v2\/pages\/39\/revisions"}],"predecessor-version":[{"id":40,"href":"https:\/\/psychose-lh.de\/index.php?rest_route=\/wp\/v2\/pages\/39\/revisions\/40"}],"wp:attachment":[{"href":"https:\/\/psychose-lh.de\/index.php?rest_route=%2Fwp%2Fv2%2Fmedia&parent=39"}],"curies":[{"name":"wp","href":"https:\/\/api.w.org\/{rel}","templated":true}]}}