{"id":41,"date":"2026-02-27T10:02:45","date_gmt":"2026-02-27T10:02:45","guid":{"rendered":"https:\/\/www.psychose-lh.de\/?page_id=41"},"modified":"2026-02-27T10:02:46","modified_gmt":"2026-02-27T10:02:46","slug":"links","status":"publish","type":"page","link":"https:\/\/psychose-lh.de\/?page_id=41","title":{"rendered":"Links"},"content":{"rendered":"\n<p>Es gibt nat\u00fcrlich noch einige n\u00fctzliche Links, hier sind einige, die man besucht haben sollte&#8230;<\/p>\n\n\n\n<p>Dann ein Vortrag zur Stigmatisierung. Hier sieht man, dass man am Besten die Psychose offen kommuniziert, um R\u00fcckf\u00e4lle zu vermeiden.<br><a href=\"https:\/\/www.apk-ev.de\/fileadmin\/downloads\/Ruesch_Stigma_Greifswald_Jan2019.pdf\" target=\"_blank\" rel=\"noreferrer noopener\">Stigma-Jan2019<\/a><\/p>\n\n\n\n<p>Und tats\u00e4chlich gibt es ein AntiStigma-Festival von Cordt Winkler und dazu die Seite <a href=\"https:\/\/www.madcamp.de\/\" target=\"_blank\" rel=\"noreferrer noopener\">Mad-Camp<\/a><\/p>\n\n\n\n<p>Eine amerikanische Seite, um zu sehen, das es in anderen L\u00e4ndern auch anders geht&#8230; <a href=\"https:\/\/www.mentalhealth.com\/\" target=\"_blank\" rel=\"noreferrer noopener\">MentalHealth.com: Information You Can Trust + Find a Therapist<\/a><\/p>\n\n\n\n<p>Der Bundesverband der Angeh\u00f6rigen psychisch Kranker e.V. <a href=\"https:\/\/www.bapk.de\/der-bapk.html\" target=\"_blank\" rel=\"noreferrer noopener\">Bundesverband der Angeh\u00f6rigen psychisch Kranker: Der BApK<\/a><\/p>\n\n\n\n<p>Hier einmal das PsycheNet <a href=\"https:\/\/www.psychenet.de\/de\/entscheidungshilfen\/entscheidungshilfe-psychose\/was-ist-eine-psychose\/was-ist-eine-psychose-2.html\" target=\"_blank\" rel=\"noreferrer noopener\">Was ist eine Psychose? &#8211; psychenet.de<\/a><\/p>\n\n\n\n<p><a href=\"https:\/\/dgpe.de\/\" target=\"_blank\" rel=\"noreferrer noopener\">Deutschen Gesellschaft f\u00fcr Psychoedukation e.V. \u2013 (DGPE)<\/a><\/p>\n\n\n\n<p><a href=\"https:\/\/www.seelischegesundheit.net\/\" target=\"_blank\" rel=\"noreferrer noopener\">Aktionsb\u00fcndnis Seelische Gesundheit &#8211; Aktionsb\u00fcndnis Seelische Gesundheit<\/a><\/p>\n\n\n\n<p>Und noch ein Verein aus Berlin. <a href=\"https:\/\/stimmenhoeren.de\/\" target=\"_blank\" rel=\"noreferrer noopener\">Willkommen beim Netzwerk Stimmenh\u00f6ren e.V. (stimmenhoeren.de)<\/a><\/p>\n\n\n\n<p>Leitlinie Schizophrenie S3 <a href=\"https:\/\/register.awmf.org\/de\/leitlinien\/detail\/038-009\" target=\"_blank\" rel=\"noreferrer noopener\">Leitlinien Schizophrenie<\/a><\/p>\n\n\n\n<p><a href=\"https:\/\/www.dgsp-ev.de\/startseite.html\" target=\"_blank\" rel=\"noreferrer noopener\">Soziale Psychiatrie<\/a><\/p>\n\n\n\n<p>Dachverband Gemeindepsychiatrie <a href=\"https:\/\/www.dvgp.org\/\" target=\"_blank\" rel=\"noreferrer noopener\">https:\/\/www.dvgp.org\/<\/a> <\/p>\n\n\n\n<p><a href=\"https:\/\/www.psychiatrie.de\/psychische-erkrankungen\/psychosen.html\" target=\"_blank\" rel=\"noreferrer noopener\">Psychiatrienetz: Psychosen<\/a><\/p>\n\n\n\n<p>Noch eine MKT+ Seite, die von der Cogito-App empfohlen wird. Die APP ist f\u00fcr verschiedene seelische St\u00f6rungen konzipiert, unter anderem auch f\u00fcr Psychosen. Gibt es im App-Store und im Play-Store. Die Cogito-App ist kostenlos.<br>Dort wird auch auf das Material von MKT+ hingewiesen, dass zum Download bereit steht <a href=\"https:\/\/clinical-neuropsychology.de\/mkt_psychose_manual_deutsch\/\" target=\"_blank\" rel=\"noreferrer noopener\">MKT Psychose manual deutsch<\/a><\/p>\n","protected":false},"excerpt":{"rendered":"<p>Es gibt nat\u00fcrlich noch einige n\u00fctzliche Links, hier sind einige, die man besucht haben sollte&#8230; Dann ein Vortrag zur Stigmatisierung. Hier sieht man, dass man am Besten die Psychose offen kommuniziert, um R\u00fcckf\u00e4lle zu vermeiden.Stigma-Jan2019 Und tats\u00e4chlich gibt es ein AntiStigma-Festival von Cordt Winkler und dazu die Seite Mad-Camp Eine amerikanische Seite, um zu sehen,&hellip; <a class=\"more-link\" href=\"https:\/\/psychose-lh.de\/?page_id=41\"><span class=\"screen-reader-text\">Links<\/span> weiterlesen<\/a><\/p>\n","protected":false},"author":1,"featured_media":0,"parent":0,"menu_order":0,"comment_status":"closed","ping_status":"closed","template":"","meta":{"footnotes":""},"class_list":["post-41","page","type-page","status-publish","hentry","entry"],"yoast_head":"<!-- This site is optimized with the Yoast SEO plugin v27.5 - https:\/\/yoast.com\/product\/yoast-seo-wordpress\/ -->\r\n<title>Links - Psychose L\u00fcdinghausen<\/title>\r\n<meta name=\"robots\" content=\"index, follow, max-snippet:-1, max-image-preview:large, max-video-preview:-1\" \/>\r\n<link rel=\"canonical\" href=\"https:\/\/psychose-lh.de\/?page_id=41\" \/>\r\n<meta property=\"og:locale\" content=\"de_DE\" \/>\r\n<meta property=\"og:type\" content=\"article\" \/>\r\n<meta property=\"og:title\" content=\"Links - Psychose L\u00fcdinghausen\" \/>\r\n<meta property=\"og:description\" content=\"Es gibt nat\u00fcrlich noch einige n\u00fctzliche Links, hier sind einige, die man besucht haben sollte&#8230; Dann ein Vortrag zur Stigmatisierung. Hier sieht man, dass man am Besten die Psychose offen kommuniziert, um R\u00fcckf\u00e4lle zu vermeiden.Stigma-Jan2019 Und tats\u00e4chlich gibt es ein AntiStigma-Festival von Cordt Winkler und dazu die Seite Mad-Camp Eine amerikanische Seite, um zu sehen,&hellip; Links weiterlesen\" \/>\r\n<meta property=\"og:url\" content=\"https:\/\/psychose-lh.de\/?page_id=41\" \/>\r\n<meta property=\"og:site_name\" content=\"Psychose L\u00fcdinghausen\" \/>\r\n<meta property=\"article:modified_time\" content=\"2026-02-27T10:02:46+00:00\" \/>\r\n<meta name=\"twitter:card\" content=\"summary_large_image\" \/>\r\n<meta name=\"twitter:label1\" content=\"Gesch\u00e4tzte Lesezeit\" \/>\n\t<meta name=\"twitter:data1\" content=\"2\u00a0Minuten\" \/>\r\n<script type=\"application\/ld+json\" class=\"yoast-schema-graph\">{\"@context\":\"https:\\\/\\\/schema.org\",\"@graph\":[{\"@type\":\"WebPage\",\"@id\":\"https:\\\/\\\/psychose-lh.de\\\/?page_id=41\",\"url\":\"https:\\\/\\\/psychose-lh.de\\\/?page_id=41\",\"name\":\"Links - Psychose L\u00fcdinghausen\",\"isPartOf\":{\"@id\":\"https:\\\/\\\/psychose-lh.de\\\/#website\"},\"datePublished\":\"2026-02-27T10:02:45+00:00\",\"dateModified\":\"2026-02-27T10:02:46+00:00\",\"breadcrumb\":{\"@id\":\"https:\\\/\\\/psychose-lh.de\\\/?page_id=41#breadcrumb\"},\"inLanguage\":\"de\",\"potentialAction\":[{\"@type\":\"ReadAction\",\"target\":[\"https:\\\/\\\/psychose-lh.de\\\/?page_id=41\"]}]},{\"@type\":\"BreadcrumbList\",\"@id\":\"https:\\\/\\\/psychose-lh.de\\\/?page_id=41#breadcrumb\",\"itemListElement\":[{\"@type\":\"ListItem\",\"position\":1,\"name\":\"Start\",\"item\":\"https:\\\/\\\/psychose-lh.de\\\/\"},{\"@type\":\"ListItem\",\"position\":2,\"name\":\"Links\"}]},{\"@type\":\"WebSite\",\"@id\":\"https:\\\/\\\/psychose-lh.de\\\/#website\",\"url\":\"https:\\\/\\\/psychose-lh.de\\\/\",\"name\":\"Psychose L\u00fcdinghausen\",\"description\":\"\",\"potentialAction\":[{\"@type\":\"SearchAction\",\"target\":{\"@type\":\"EntryPoint\",\"urlTemplate\":\"https:\\\/\\\/psychose-lh.de\\\/?s={search_term_string}\"},\"query-input\":{\"@type\":\"PropertyValueSpecification\",\"valueRequired\":true,\"valueName\":\"search_term_string\"}}],\"inLanguage\":\"de\"}]}<\/script>\r\n<!-- \/ Yoast SEO plugin. -->","yoast_head_json":{"title":"Links - Psychose L\u00fcdinghausen","robots":{"index":"index","follow":"follow","max-snippet":"max-snippet:-1","max-image-preview":"max-image-preview:large","max-video-preview":"max-video-preview:-1"},"canonical":"https:\/\/psychose-lh.de\/?page_id=41","og_locale":"de_DE","og_type":"article","og_title":"Links - Psychose L\u00fcdinghausen","og_description":"Es gibt nat\u00fcrlich noch einige n\u00fctzliche Links, hier sind einige, die man besucht haben sollte&#8230; Dann ein Vortrag zur Stigmatisierung. Hier sieht man, dass man am Besten die Psychose offen kommuniziert, um R\u00fcckf\u00e4lle zu vermeiden.Stigma-Jan2019 Und tats\u00e4chlich gibt es ein AntiStigma-Festival von Cordt Winkler und dazu die Seite Mad-Camp Eine amerikanische Seite, um zu sehen,&hellip; Links weiterlesen","og_url":"https:\/\/psychose-lh.de\/?page_id=41","og_site_name":"Psychose L\u00fcdinghausen","article_modified_time":"2026-02-27T10:02:46+00:00","twitter_card":"summary_large_image","twitter_misc":{"Gesch\u00e4tzte Lesezeit":"2\u00a0Minuten"},"schema":{"@context":"https:\/\/schema.org","@graph":[{"@type":"WebPage","@id":"https:\/\/psychose-lh.de\/?page_id=41","url":"https:\/\/psychose-lh.de\/?page_id=41","name":"Links - Psychose L\u00fcdinghausen","isPartOf":{"@id":"https:\/\/psychose-lh.de\/#website"},"datePublished":"2026-02-27T10:02:45+00:00","dateModified":"2026-02-27T10:02:46+00:00","breadcrumb":{"@id":"https:\/\/psychose-lh.de\/?page_id=41#breadcrumb"},"inLanguage":"de","potentialAction":[{"@type":"ReadAction","target":["https:\/\/psychose-lh.de\/?page_id=41"]}]},{"@type":"BreadcrumbList","@id":"https:\/\/psychose-lh.de\/?page_id=41#breadcrumb","itemListElement":[{"@type":"ListItem","position":1,"name":"Start","item":"https:\/\/psychose-lh.de\/"},{"@type":"ListItem","position":2,"name":"Links"}]},{"@type":"WebSite","@id":"https:\/\/psychose-lh.de\/#website","url":"https:\/\/psychose-lh.de\/","name":"Psychose L\u00fcdinghausen","description":"","potentialAction":[{"@type":"SearchAction","target":{"@type":"EntryPoint","urlTemplate":"https:\/\/psychose-lh.de\/?s={search_term_string}"},"query-input":{"@type":"PropertyValueSpecification","valueRequired":true,"valueName":"search_term_string"}}],"inLanguage":"de"}]}},"_links":{"self":[{"href":"https:\/\/psychose-lh.de\/index.php?rest_route=\/wp\/v2\/pages\/41","targetHints":{"allow":["GET"]}}],"collection":[{"href":"https:\/\/psychose-lh.de\/index.php?rest_route=\/wp\/v2\/pages"}],"about":[{"href":"https:\/\/psychose-lh.de\/index.php?rest_route=\/wp\/v2\/types\/page"}],"author":[{"embeddable":true,"href":"https:\/\/psychose-lh.de\/index.php?rest_route=\/wp\/v2\/users\/1"}],"replies":[{"embeddable":true,"href":"https:\/\/psychose-lh.de\/index.php?rest_route=%2Fwp%2Fv2%2Fcomments&post=41"}],"version-history":[{"count":1,"href":"https:\/\/psychose-lh.de\/index.php?rest_route=\/wp\/v2\/pages\/41\/revisions"}],"predecessor-version":[{"id":42,"href":"https:\/\/psychose-lh.de\/index.php?rest_route=\/wp\/v2\/pages\/41\/revisions\/42"}],"wp:attachment":[{"href":"https:\/\/psychose-lh.de\/index.php?rest_route=%2Fwp%2Fv2%2Fmedia&parent=41"}],"curies":[{"name":"wp","href":"https:\/\/api.w.org\/{rel}","templated":true}]}}